{"id":1064,"date":"2019-09-18T14:55:08","date_gmt":"2019-09-18T12:55:08","guid":{"rendered":"https:\/\/preventionsida.org\/?page_id=1064"},"modified":"2024-07-05T09:27:20","modified_gmt":"2024-07-05T07:27:20","slug":"autres-contacts","status":"publish","type":"page","link":"https:\/\/preventionsida.org\/fr\/contacts-utiles\/autres-contacts\/","title":{"rendered":"Autres contacts"},"content":{"rendered":"","protected":false},"excerpt":{"rendered":"","protected":false},"author":1,"featured_media":0,"parent":35,"menu_order":0,"comment_status":"closed","ping_status":"closed","template":"","meta":{"_acf_changed":false,"footnotes":""},"class_list":["post-1064","page","type-page","status-publish","hentry"],"acf":{"sidebar":211,"contenu_flexible":[{"acf_fc_layout":"textfull","text":"<p>Vous trouverez ici les coordonn\u00e9es d\u2019organisme de nature diff\u00e9rente, mais tous impliqu\u00e9s dans la lutte contre le VIH et les discriminations vis-\u00e0-vis des personnes vivant avec le VIH :<\/p>\n<ul>\n<li>Recherche universitaire<\/li>\n<li>D\u00e9fense des droits<\/li>\n<li>Association locale de sant\u00e9 et de pr\u00e9vention<\/li>\n<li>Acc\u00e8s aux soins<\/li>\n<\/ul>\n","background_color":false},{"acf_fc_layout":"multiplecol","multiple_title":"","cols":[{"col_image":1211,"col_title":"","col_content":"<p style=\"text-align: left;\"><a href=\"http:\/\/www.maisonmedicale.org\/\" target=\"_blank\" rel=\"noopener\"><strong>F\u00e9d\u00e9ration des maisons m\u00e9dicales<\/strong><\/a><br \/>\nUne maison m\u00e9dicale est un centre de sant\u00e9 int\u00e9gr\u00e9 cr\u00e9\u00e9 \u00e0 l\u2019initiative de m\u00e9decins g\u00e9n\u00e9ralistes, de kin\u00e9sith\u00e9rapeutes, d\u2019infirmier\u22c5\u00e8re\u22c5s.<br \/>\nElle dispense des soins de premi\u00e8re ligne, de mani\u00e8re continue.<br \/>\nLeurs actions visent \u00e0 une approche globale, int\u00e9grant soins et d\u00e9marches pr\u00e9ventives de la sant\u00e9.<\/p>\n<p style=\"text-align: left;\">Boulevard du Midi, 25<br \/>\n1000 Bruxelles<br \/>\n02\/514.40.14<\/p>\n"},{"col_image":1213,"col_title":"","col_content":"<p style=\"text-align: left;\"><a href=\"http:\/\/www.observatoire-sidasexualites.be\/\" target=\"_blank\" rel=\"noopener\"><strong>Observatoire du Sida et Sexualit\u00e9s<\/strong><\/a><br \/>\nL\u2019objectif g\u00e9n\u00e9ral du programme de l\u2019Observatoire est de contribuer \u00e0 l\u2019am\u00e9lioration de la qualit\u00e9 des projets et de la politique de pr\u00e9vention du Sida et de promotion de la sant\u00e9 (et en particulier les projets de promotion de la sant\u00e9 sexuelle) en Communaut\u00e9 fran\u00e7aise.<\/p>\n<p>Adresses postales :<br \/>\nUniversit\u00e9 Libre de Bruxelles<br \/>\nAvenue F. Roosevelt 50, CP 122 &#8211; 1050 BRUXELLES<\/p>\n<p>Locaux :<br \/>\nULB \u2013 Campus du Solbosch<br \/>\nB\u00e2timent D<br \/>\nAvenue Antoine Depage, 30<br \/>\n1000 BRUXELLES<br \/>\nBureaux DC9 114, 206, 208, 208A (9\u00e8me \u00e9tage)<br \/>\n02 650 31 56<\/p>\n"},{"col_image":1221,"col_title":"","col_content":"<p style=\"text-align: left;\"><strong><a href=\"http:\/\/www.diversite.be\/\" target=\"_blank\" rel=\"noopener\">Centre pour l\u2019\u00e9galit\u00e9 des chances et la lutte contre le racisme<\/a><br \/>\n<\/strong>Pour obtenir des conseils sur des questions de racisme, de s\u00e9jour, et\/ou de discrimination bas\u00e9e, par exemple, sur l\u2019\u00e9tat de sant\u00e9 actuel ou futur.<\/p>\n<p style=\"text-align: left;\">Rue Royale, 138<br \/>\n1000 Bruxelles<br \/>\n0800\/12.800<\/p>\n"},{"col_image":1223,"col_title":"","col_content":"<p style=\"text-align: left;\"><a href=\"http:\/\/www.luss.be\/\" target=\"_blank\" rel=\"noopener\"><strong>LUSS<\/strong> <\/a><br \/>\n(Ligue des Usagers des Services de Sant\u00e9)<br \/>\nF\u00e9d\u00e9ration francophone ind\u00e9pendante d\u2019associations de patients en Communaut\u00e9 fran\u00e7aise.<\/p>\n<p style=\"text-align: left;\">Avenue Sergent Vrithoff, 123<br \/>\n5000 Namur<br \/>\n081\/74.44.28<\/p>\n"},{"col_image":1226,"col_title":"","col_content":"<p style=\"text-align: left;\"><a href=\"https:\/\/www.univers-sante.be\/\" target=\"_blank\" rel=\"noopener\"><strong>Univers Sant\u00e9<\/strong><\/a><br \/>\nUnivers Sant\u00e9 d\u00e9veloppe des actions d\u2019\u00e9ducation \u00e0 la sant\u00e9, de pr\u00e9vention et de promotion de la sant\u00e9 en milieu \u00e9tudiant.<\/p>\n<p style=\"text-align: left;\">Place Galil\u00e9e, 6<br \/>\n1348 Ottignies-Louvain-la-Neuve<br \/>\n010\/47.28.28<\/p>\n"},{"col_image":1233,"col_title":"","col_content":"<p style=\"text-align: left;\"><strong><a href=\"http:\/\/rainbowhouse.be\/fr\/\" target=\"_blank\" rel=\"noopener\">Maison Arc-en-ciel<\/a><br \/>\n<\/strong>La Maison Arc-en-Ciel abrite diff\u00e9rentes associations francophones et n\u00e9erlandophones LGBTQI (Lesbiennes, Gays, Bisexuel(le)s, Transgenres, Queer, Intersexes) de la r\u00e9gion de Bruxelles.<\/p>\n<p style=\"text-align: left;\">Rue du March\u00e9 au Charbon, 42<br \/>\n1000 Bruxelles<br \/>\n02\/503.59.90<\/p>\n<p style=\"text-align: left;\">\n"},{"col_image":false,"col_title":"","col_content":"<p style=\"text-align: left;\"><a href=\"https:\/\/www.genrespluriels.be\/\" target=\"_blank\" rel=\"noopener\"><strong>Genres Pluriels<\/strong><\/a><br \/>\nGenres Pluriels est une association \u0153uvrant au soutien, \u00e0 la visibilisation, \u00e0 la valorisation, \u00e0 l\u2019am\u00e9lioration des droits et \u00e0 la lutte contre les discriminations qui s\u2019exercent \u00e0 l\u2019encontre des personnes transgenres\/aux genres fluides (personnes en transition, drag kings\/drag queens, tra(ns)vesti.e.s, butchs, androgynes, queer,\u2026) et intersex(u\u00e9)es.<\/p>\n<p style=\"text-align: left;\">Rue des Grands Carmes, 22<br \/>\n1000 Bruxelles<br \/>\n0487\/63.23.43<\/p>\n<p style=\"text-align: left;\">\n"},{"col_image":false,"col_title":"","col_content":"<p style=\"text-align: left;\"><strong>CHAC, Carrefour H\u00e9patites<br \/>\n<\/strong>Le CHAC asbl veut \u00eatre un trait-d\u2019union entre les diff\u00e9rents acteurs (scientifiques, m\u00e9dicaux, sociaux, administratifs et politiques) qui luttent pour am\u00e9liorer la qualit\u00e9 de vie du malade.<\/p>\n<p style=\"text-align: left;\">Poisson-Moulin, 3B<br \/>\n6640 Vaux-sur-S\u00fbre<br \/>\n061\/26.68.90<\/p>\n<p style=\"text-align: left;\">\n"},{"col_image":false,"col_title":"","col_content":"<p style=\"text-align: left;\"><a href=\"http:\/\/reseauhepatitec.be\/\" target=\"_blank\" rel=\"noopener\"><strong>R\u00e9seau H\u00e9patite C<\/strong><\/a><br \/>\nLe R\u00e9seau H\u00e9patite C est actif en mati\u00e8re de sensibilisation, pr\u00e9vention, r\u00e9duction des risques pour toutes personnes atteintes, ou susceptible d\u2019\u00eatre atteinte, par le virus de l\u2019h\u00e9patite C.<br \/>\nLocaux situ\u00e9s au sein du CHU St-Pierre site C\u00e9sar de Paepe.<\/p>\n<p style=\"text-align: left;\">Rue des Alexiens, 11<br \/>\n1000 Bruxelles<br \/>\n02\/506.70.92<br \/>\n0478\/71.69.34<br \/>\n0473\/80.46.25<\/p>\n<p style=\"text-align: left;\">\n"},{"col_image":1235,"col_title":"","col_content":"<p style=\"text-align: left;\"><a href=\"http:\/\/www.lhiving.be\/index.php?fr\" target=\"_blank\" rel=\"noopener\"><strong>Lhiving<\/strong><\/a><br \/>\nAccompagnement de personnes d\u00e9favoris\u00e9es et vivant avec le VIH, leur famille et\/ou leur entourage imm\u00e9diat : habitation, bien-\u00eatre psychique et physique, probl\u00e8mes d\u2019administration, statut du s\u00e9jour, \u00e9ducation et scolarisation des enfants, guidance vers la formation et l\u2019emploi.<\/p>\n<p style=\"text-align: left;\">Rue P\u00f4le, 2<br \/>\n1210 Saint Joost ten Node<br \/>\n02\/201.14.19<\/p>\n"}],"nb_items":""}]},"_links":{"self":[{"href":"https:\/\/preventionsida.org\/fr\/wp-json\/wp\/v2\/pages\/1064","targetHints":{"allow":["GET"]}}],"collection":[{"href":"https:\/\/preventionsida.org\/fr\/wp-json\/wp\/v2\/pages"}],"about":[{"href":"https:\/\/preventionsida.org\/fr\/wp-json\/wp\/v2\/types\/page"}],"author":[{"embeddable":true,"href":"https:\/\/preventionsida.org\/fr\/wp-json\/wp\/v2\/users\/1"}],"replies":[{"embeddable":true,"href":"https:\/\/preventionsida.org\/fr\/wp-json\/wp\/v2\/comments?post=1064"}],"version-history":[{"count":14,"href":"https:\/\/preventionsida.org\/fr\/wp-json\/wp\/v2\/pages\/1064\/revisions"}],"predecessor-version":[{"id":14242,"href":"https:\/\/preventionsida.org\/fr\/wp-json\/wp\/v2\/pages\/1064\/revisions\/14242"}],"up":[{"embeddable":true,"href":"https:\/\/preventionsida.org\/fr\/wp-json\/wp\/v2\/pages\/35"}],"wp:attachment":[{"href":"https:\/\/preventionsida.org\/fr\/wp-json\/wp\/v2\/media?parent=1064"}],"curies":[{"name":"wp","href":"https:\/\/api.w.org\/{rel}","templated":true}]}}