{"id":1060,"date":"2019-09-18T14:50:05","date_gmt":"2019-09-18T12:50:05","guid":{"rendered":"https:\/\/preventionsida.org\/?page_id=1060"},"modified":"2019-10-28T14:32:13","modified_gmt":"2019-10-28T13:32:13","slug":"associations-migrants","status":"publish","type":"page","link":"https:\/\/preventionsida.org\/fr\/contacts-utiles\/associations-migrants\/","title":{"rendered":"Associations Migrants"},"content":{"rendered":"","protected":false},"excerpt":{"rendered":"","protected":false},"author":1,"featured_media":0,"parent":35,"menu_order":0,"comment_status":"closed","ping_status":"closed","template":"","meta":{"_acf_changed":false,"footnotes":""},"class_list":["post-1060","page","type-page","status-publish","hentry"],"acf":{"sidebar":211,"contenu_flexible":[{"acf_fc_layout":"text2cols","background_color":false,"title":"","col_left":"<p><a href=\"https:\/\/www.cgra.be\/fr\" target=\"_blank\" rel=\"noopener\"><strong>CGRA<\/strong><\/a><strong><br \/>\n<\/strong>Commissariat g\u00e9n\u00e9ral aux <strong>r\u00e9fugi\u00e9.es et aux apatrides<\/strong>.<\/p>\n<p>Rue Ernest Blerot, 39<br \/>\n1070 Bruxelles<br \/>\n02\/205.51.11<\/p>\n<p><a href=\"https:\/\/www.cire.be\/\" target=\"_blank\" rel=\"noopener\"><strong>CIRE<\/strong><\/a><strong><br \/>\nCoordination et Initiatives pour R\u00e9fugi\u00e9.es et \u00c9trangers<\/strong>.<br \/>\nAction de r\u00e9flexion et de sensibilisation sur les <strong>questions de migration, d\u2019exil et d\u2019int\u00e9gration<\/strong>.<br \/>\nLe CIR\u00c9 dispose aussi d\u2019un <strong>service d\u2019accueil des r\u00e9fugi\u00e9.es, d\u2019une \u00e9cole de fran\u00e7ais<\/strong>, d\u2019un service d\u2019information sur le logement et d\u2019un service <strong>\u201cTravail, \u00c9quivalences et Formations\u201d<\/strong> \u00e0 l\u2019attention des personnes d\u2019origine \u00e9trang\u00e8re.<\/p>\n<p>Rue du Vivier, 80-82<br \/>\n1050 Ixelles<br \/>\n02\/629.77.10<\/p>\n<p><a href=\"https:\/\/www.croix-rouge.be\/\" target=\"_blank\" rel=\"noopener\"><strong>Croix rouge<\/strong><\/a><strong><br \/>\n<\/strong>Acteur de r\u00e9f\u00e9rence dans le domaine de l\u2019action humanitaire, la Croix-Rouge de Belgique m\u00e8ne un combat de tous les instants pour soulager la souffrance des hommes et pr\u00e9venir les crises humanitaires.<br \/>\n<strong>Accueil des demandeur.euse.s d\u2019asile<\/strong>.<\/p>\n<p>Rue de Stalle, 96<br \/>\n1180 Uccle<br \/>\n02\/371.31.11<\/p>\n<p><a href=\"https:\/\/www.cultures-sante.be\/\" target=\"_blank\" rel=\"noopener\"><strong>Culture et sant\u00e9<\/strong><\/a><strong><br \/>\n<\/strong>ASBL de <strong>promotion de la sant\u00e9 d\u2019\u00e9ducation permanente et de coh\u00e9sion sociale<\/strong>, dont l\u2019objet social est l\u2019am\u00e9lioration de la qualit\u00e9 de vie des populations dans une perspective d\u2019\u00e9mancipation individuelle et collective.<br \/>\nExpertise dans la <strong>communication adapt\u00e9e envers des publics multiculturels et\/ou peu scolaris\u00e9s en collectif<\/strong>.<\/p>\n<p>Rue d\u2019Anderlecht, 148<br \/>\n1000 Bruxelles<br \/>\n02\/558.88.10<\/p>\n<p><a href=\"https:\/\/www.fedasil.be\/fr\" target=\"_blank\" rel=\"noopener\"><strong>Fedasil<\/strong><\/a><strong><br \/>\n<\/strong>Agence f\u00e9d\u00e9rale pour l\u2019<strong>accueil des demandeur.euse.s d\u2019asile<\/strong>.<\/p>\n<p>Rue des Chartreux, 21<br \/>\n1000 Bruxelles<br \/>\n02\/213.44.11<\/p>\n<p><a href=\"http:\/\/gams.be\/\" target=\"_blank\" rel=\"noopener\"><strong>Gams<\/strong><\/a><strong><br \/>\n<\/strong>Groupe pour l\u2019<strong>Abolition des mutilations sexuelles f\u00e9minines qui a pour objectif de contribuer \u00e0 l\u2019abandon des mutilations sexuelles f\u00e9minines et des mariages forc\u00e9s au sein de la diaspora africaine en Belgique et dans le reste du monde<\/strong> via un travail de pr\u00e9vention aupr\u00e8s des familles, un soutien aux femmes d\u00e9j\u00e0 excis\u00e9es, la formation des professionnel-les.<\/p>\n<p>Rue Gabrielle Petit, 6<br \/>\n1080 Molenbeek-St-Jean<br \/>\n02\/219.43.40<\/p>\n<p><a href=\"https:\/\/medecinsdumonde.be\/\" target=\"_blank\" rel=\"noopener\"><strong>M\u00e9decin du monde<\/strong><\/a><strong><br \/>\n<\/strong>ONG internationale de <strong>d\u00e9veloppement m\u00e9dical faisant partie d\u2019un r\u00e9seau international<\/strong>.<br \/>\nNous fournissons une assistance m\u00e9dicale aux groupes vuln\u00e9rables, en Belgique et dans le reste du monde.<\/p>\n<p>Rue Botanique, 75<br \/>\n1210 St-Josse-Ten-Noode<br \/>\n02\/225.43.00<\/p>\n","col_right":"<p><a href=\"https:\/\/medimmigrant.be\/\" target=\"_blank\" rel=\"noopener\"><strong>Medimmigrant<\/strong><\/a><strong><br \/>\nSoutien aux (accompagnateur.trice.s) personnes en s\u00e9jour ill\u00e9gal<\/strong> (les \u201csans\u201d papiers) ou avec un statut de s\u00e9jour pr\u00e9caire pour avoir acc\u00e8s aux soins de sant\u00e9, notamment en cas de maladie chronique comme le VIH\/sida.<\/p>\n<p>Rue Gaucheret, 164<br \/>\n1030 Schaerbeek<br \/>\n02\/274.14.33<\/p>\n<p><a href=\"http:\/\/www.merhaba.be\/fr\" target=\"_blank\" rel=\"noopener\"><strong>Merhaba<\/strong><\/a><strong><br \/>\n<\/strong>Mouvement cr\u00e9\u00e9 par des femmes, des hommes et des transgenres, essentiellement originaires du Maghreb, du Moyen-Orient, de la Turquie et de l\u2019Afrique subsaharienne et qui se sentent attir\u00e9.es par des personnes du m\u00eame sexe et\/ou qui <strong>se posent des questions relatives \u00e0 leur sexualit\u00e9 ou \u00e0 leur identit\u00e9 de genres<\/strong>.<\/p>\n<p>0483\/09.10.07<\/p>\n<p><a href=\"http:\/\/www.mondefemmes.be\/\" target=\"_blank\" rel=\"noopener\"><strong>Monde selon les femmes<\/strong><\/a><strong><br \/>\nONG f\u00e9ministe active dans le monde du d\u00e9veloppement<\/strong>, de l\u2019\u00e9ducation permanente, de la recherche action.<\/p>\n<p>Rue de la Sablonni\u00e8re, 18<br \/>\n1000 Bruxelles<br \/>\n02\/223.05.12<\/p>\n<p><a href=\"http:\/\/www.sireas.be\/sireas\/contact\/\" target=\"_blank\" rel=\"noopener\"><strong>Sir\u00e9as ASBL<\/strong><\/a><strong><br \/>\nService International de Recherche d\u2019Education et d\u2019Action Sociale<\/strong>.<br \/>\nService d\u2019aide aux r\u00e9fugi\u00e9.es et immigr\u00e9.es.<br \/>\nCherche \u00e0 promouvoir l\u2019information sur toute question relative au droit des \u00e9tranger.es, ainsi que le conseil et l\u2019assistance aux \u00e9trangers confront\u00e9s \u00e0 des probl\u00e8mes juridiques.<br \/>\nAction visant \u00e9galement \u00e0 l\u2019insertion socioprofessionnelle de personnes sans emploi, \u00e0 partir de 18 ans.<\/p>\n<p>Rue du Champs de Mars, 5<br \/>\n1050 Ixelles<br \/>\n02\/649.99.58<\/p>\n<p><a href=\"http:\/\/www.doucheflux.be\/\" target=\"_blank\" rel=\"noopener\"><strong>Douche flux<\/strong><\/a><br \/>\nDoucheFlux est un facilitateur de r\u00e9insertion pour les personnes en situation pr\u00e9caire.<\/p>\n<p>Rue des V\u00e9t\u00e9rinaires, 84<br \/>\n1070 Bruxelles<br \/>\n02\/319.58.27<\/p>\n<p><a href=\"http:\/\/www.molenbeek.irisnet.be\/fr\/je-vis\/social-sante\/social\/Molenbeek-Vivre-Ensemble-%28MOVE%29\" target=\"_blank\" rel=\"noopener\"><strong>SAMPA<\/strong><\/a><br \/>\nService d\u2019aide aux molenbeekois.es primo-arrivants.<\/p>\n<p>Rue Comte de Flandre, 15<br \/>\n1080 Molenbeek<br \/>\n02\/422.06.23<\/p>\n<p><a href=\"https:\/\/www.convivial.be\/\" target=\"_blank\" rel=\"noopener\"><strong>Convivial<\/strong><\/a><br \/>\nMouvement d\u2019insertion des r\u00e9fugi\u00e9.es en Belgique dans une dynamique d\u2019<strong>\u00e9coute<\/strong> et d\u2019<strong>engagement r\u00e9ciproque <\/strong>entre Belges et r\u00e9fugi\u00e9.es.<\/p>\n<p>Rue du Charroi 33\/35<br \/>\n1190 Bruxelles<br \/>\n02\/503.43.46<\/p>\n"}]},"_links":{"self":[{"href":"https:\/\/preventionsida.org\/fr\/wp-json\/wp\/v2\/pages\/1060","targetHints":{"allow":["GET"]}}],"collection":[{"href":"https:\/\/preventionsida.org\/fr\/wp-json\/wp\/v2\/pages"}],"about":[{"href":"https:\/\/preventionsida.org\/fr\/wp-json\/wp\/v2\/types\/page"}],"author":[{"embeddable":true,"href":"https:\/\/preventionsida.org\/fr\/wp-json\/wp\/v2\/users\/1"}],"replies":[{"embeddable":true,"href":"https:\/\/preventionsida.org\/fr\/wp-json\/wp\/v2\/comments?post=1060"}],"version-history":[{"count":6,"href":"https:\/\/preventionsida.org\/fr\/wp-json\/wp\/v2\/pages\/1060\/revisions"}],"predecessor-version":[{"id":1167,"href":"https:\/\/preventionsida.org\/fr\/wp-json\/wp\/v2\/pages\/1060\/revisions\/1167"}],"up":[{"embeddable":true,"href":"https:\/\/preventionsida.org\/fr\/wp-json\/wp\/v2\/pages\/35"}],"wp:attachment":[{"href":"https:\/\/preventionsida.org\/fr\/wp-json\/wp\/v2\/media?parent=1060"}],"curies":[{"name":"wp","href":"https:\/\/api.w.org\/{rel}","templated":true}]}}