{"id":1056,"date":"2019-09-18T14:44:12","date_gmt":"2019-09-18T12:44:12","guid":{"rendered":"https:\/\/preventionsida.org\/?page_id=1056"},"modified":"2025-02-20T16:49:30","modified_gmt":"2025-02-20T15:49:30","slug":"centres-de-planning-familial","status":"publish","type":"page","link":"https:\/\/preventionsida.org\/fr\/contacts-utiles\/centres-de-planning-familial\/","title":{"rendered":"Centres de Planning Familial"},"content":{"rendered":"","protected":false},"excerpt":{"rendered":"","protected":false},"author":1,"featured_media":0,"parent":35,"menu_order":0,"comment_status":"closed","ping_status":"closed","template":"","meta":{"_acf_changed":false,"footnotes":""},"class_list":["post-1056","page","type-page","status-publish","hentry"],"acf":{"sidebar":211,"contenu_flexible":[{"acf_fc_layout":"textfull","text":"<p>Un<strong>\u00a0centre de planning familial<\/strong>\u00a0(CPF) est un centre m\u00e9dical o\u00f9 les jeunes et les adultes peuvent se rendre seul ou en couple pour\u00a0<strong>toutes questions concernant la vie affective et sexuelle<\/strong>. Les CPF proposent des consultations gyn\u00e9cologiques, psychologiques, juridiques et sociales. Les CPF d\u00e9livrent la pilule du lendemain et des pr\u00e9servatifs. Ils r\u00e9alisent \u00e9galement des d\u00e9pistages du VIH et des IST.<\/p>\n<p><strong>Pour trouver un centre de planning familial proche de chez vous, surfez sur :\u00a0<\/strong><a href=\"https:\/\/www.monplanningfamilial.be\/\" target=\"_blank\" rel=\"noopener\"><strong>monplanningfamilial.be<\/strong><\/a><\/p>\n","background_color":false},{"acf_fc_layout":"text2cols","background_color":false,"title":"L\u2019ensemble des centres de planning familial en Belgique sont regroup\u00e9s en 4 f\u00e9d\u00e9rations","col_left":"<p><a href=\"http:\/\/www.fcppf.be\/\" target=\"_blank\" rel=\"noopener\"><strong>F\u00e9d\u00e9ration des centres pluralistes de planning familial<\/strong><\/a><br \/>\nAvenue Emile de Beco, 109<br \/>\n1050 Ixelles<br \/>\n025\/14.61.03<\/p>\n<p><a href=\"https:\/\/www.planningfamilial.net\/\" target=\"_blank\" rel=\"noopener\"><strong>F\u00e9d\u00e9ration la\u00efque de centres de planning familial<\/strong><\/a><br \/>\nRue de la Tulipe, 34<br \/>\n1050 Ixelles<br \/>\n025\/02.82.03<\/p>\n","col_right":"<p><a href=\"https:\/\/fcpc.be\/\" target=\"_blank\" rel=\"noopener\"><strong>F\u00e9d\u00e9ration des centres de planning et de consultation<\/strong><\/a><br \/>\nChauss\u00e9e de Marche, 604<br \/>\n5101 Erpent<br \/>\n064\/26.73.50<\/p>\n<p><a href=\"https:\/\/www.planningsfps.be\/\" target=\"_blank\" rel=\"noopener\"><strong>Sof\u00e9lia<\/strong><\/a><br \/>\nPlace Saint-Jean, 1\/2<br \/>\n1000 Bruxelles<br \/>\n025\/15.17.68<\/p>\n"}]},"_links":{"self":[{"href":"https:\/\/preventionsida.org\/fr\/wp-json\/wp\/v2\/pages\/1056","targetHints":{"allow":["GET"]}}],"collection":[{"href":"https:\/\/preventionsida.org\/fr\/wp-json\/wp\/v2\/pages"}],"about":[{"href":"https:\/\/preventionsida.org\/fr\/wp-json\/wp\/v2\/types\/page"}],"author":[{"embeddable":true,"href":"https:\/\/preventionsida.org\/fr\/wp-json\/wp\/v2\/users\/1"}],"replies":[{"embeddable":true,"href":"https:\/\/preventionsida.org\/fr\/wp-json\/wp\/v2\/comments?post=1056"}],"version-history":[{"count":10,"href":"https:\/\/preventionsida.org\/fr\/wp-json\/wp\/v2\/pages\/1056\/revisions"}],"predecessor-version":[{"id":15340,"href":"https:\/\/preventionsida.org\/fr\/wp-json\/wp\/v2\/pages\/1056\/revisions\/15340"}],"up":[{"embeddable":true,"href":"https:\/\/preventionsida.org\/fr\/wp-json\/wp\/v2\/pages\/35"}],"wp:attachment":[{"href":"https:\/\/preventionsida.org\/fr\/wp-json\/wp\/v2\/media?parent=1056"}],"curies":[{"name":"wp","href":"https:\/\/api.w.org\/{rel}","templated":true}]}}