{"id":1052,"date":"2019-09-18T14:39:08","date_gmt":"2019-09-18T12:39:08","guid":{"rendered":"https:\/\/preventionsida.org\/?page_id=1052"},"modified":"2025-11-19T11:19:24","modified_gmt":"2025-11-19T10:19:24","slug":"associations-sida-ist-sante","status":"publish","type":"page","link":"https:\/\/preventionsida.org\/fr\/contacts-utiles\/associations-sida-ist-sante\/","title":{"rendered":"Associations sida IST-Sant\u00e9"},"content":{"rendered":"","protected":false},"excerpt":{"rendered":"","protected":false},"author":1,"featured_media":0,"parent":35,"menu_order":0,"comment_status":"closed","ping_status":"closed","template":"","meta":{"_acf_changed":false,"footnotes":""},"class_list":["post-1052","page","type-page","status-publish","hentry"],"acf":{"sidebar":211,"contenu_flexible":[{"acf_fc_layout":"textfull","text":"<p>Les associations actives dans la pr\u00e9vention du VIH et des IST.<\/p>\n","background_color":false},{"acf_fc_layout":"tabs","exp_title":"Les organismes de pr\u00e9vention et d\u2019informations grand public, jeunes et adultes","exp_items":[{"exp_item_title":"<p>Bruxelles<\/p>\n","exp_item_texte":"<p><a href=\"http:\/\/www.aideinfosida.be\/index2.php\" target=\"_blank\" rel=\"noopener\"><strong>Aide Info Sida<\/strong><\/a><br \/>\nEspace de rencontres et d\u2019entraide.<br \/>\nLe <strong>Libre Espace<\/strong> (groupe d\u2019entraide) est ouvert tous les 2<sup>\u00e8mes <\/sup>vendredis du mois de 19h \u00e0 22h aux personnes vivant avec le VIH.<br \/>\nBoissons gratuites (sans alcool) et petites choses \u00e0 grignoter dans une ambiance de discussion sympa.<\/p>\n<p>D\u00e9pistage VIH anonyme, gratuit et \u00e0 r\u00e9sultat rapide.<br \/>\n02\/514.29.65<br \/>\nT\u00e9l gratuit : 0800 20 120 tous les jours de<strong> 18h \u00e0 21h, <\/strong>des b\u00e9n\u00e9voles form\u00e9s r\u00e9pondent \u00e0 vos questions sur le VIH-sida.<\/p>\n<p>&nbsp;<\/p>\n"},{"exp_item_title":"<p>Namur<\/p>\n","exp_item_texte":"<p><a href=\"https:\/\/pointsrelaissida.jimdo.com\/\" target=\"_blank\" rel=\"noopener\"><strong>Service de Sant\u00e9 affective, sexuelle et r\u00e9duction des risques<\/strong><\/a><br \/>\nAccueil, \u00e9coute, expertise en mati\u00e8re de sida, IST, assu\u00e9tudes, aide aux malades.<br \/>\nD\u00e9pistage anonyme et gratuit sans RDV le mardi de 16h \u00e0 18h et le jeudi de 17h \u00e0 19h.<\/p>\n<p>Rue Docteur Haibe, 4<br \/>\n5002 Saint-Servais<br \/>\n081\/77.68.20<\/p>\n<p><a href=\"https:\/\/namurentraidesida.jimdofree.com\/\"><strong>Namur Entraide Sida ASBL<\/strong><\/a><br \/>\nL\u2019ASBL d\u00e9veloppe une expertise dans le domaine de la r\u00e9duction des risques (RDR) li\u00e9s \u00e0 l\u2019usage des produits psychotropes et dans le domaine de la pr\u00e9vention du SIDA, des h\u00e9patites et autres Infections sexuellement transmises (IST).<\/p>\n<p>Rue des Brasseurs, 25<br \/>\n5000 Namur<br \/>\n081\/64.00.95<br \/>\ninfo@asblnes.be<\/p>\n"},{"exp_item_title":"<p>Li\u00e8ge<\/p>\n","exp_item_texte":"<p><a href=\"http:\/\/www.centre-s.be\" target=\"_blank\" rel=\"noopener\"><strong>Centre S<\/strong><\/a><br \/>\nD\u00e9pistage mobile VIH et IST, anonyme et gratuit.<\/p>\n<p>Quai Godefroid Kurth, 45,<br \/>\n4020 Li\u00e8ge<br \/>\n04\/287.67.00<\/p>\n"},{"exp_item_title":"<p>Charleroi<\/p>\n","exp_item_texte":"<p><a href=\"http:\/\/www.sida-charleroimons.be\/\" target=\"_blank\" rel=\"noopener\"><strong>Sida-IST Charleroi-Mons<\/strong><\/a><br \/>\nAccueil, \u00e9coute, information, d\u00e9pistage sur RDV et suivi psycho m\u00e9dico-social des patient.es vivants avec le VIH.<\/p>\n<p>Boulevard Zo\u00e9 Drion, 1<br \/>\n6000 Charleroi<br \/>\n071\/92.54.10<\/p>\n"},{"exp_item_title":"<p>Mons<\/p>\n","exp_item_texte":"<p><a href=\"http:\/\/www.mons.be\/vivre-a-mons\/cadre-de-vie\/prevention\/reseau-partenaires\/collectif-sante-mons-borinage\" target=\"_blank\" rel=\"noopener\"><strong>Collectif Sant\u00e9 Mons Borinage<\/strong><\/a><br \/>\nRue de la Seuwe, 15<br \/>\n7000 Mons<br \/>\n0492\/91.90.16<\/p>\n"}]},{"acf_fc_layout":"text2cols","background_color":false,"title":"Les organismes th\u00e9matiques","col_left":"<p>Les associations de pr\u00e9vention \u00e0 l\u2019attention de publics sp\u00e9cifiques.<\/p>\n<p><strong><a href=\"https:\/\/www.exaequo.be\/fr\/\" target=\"_blank\" rel=\"noopener\">Ex-Aequo<\/a><\/strong><br \/>\nPr\u00e9vention \u00e0 l\u2019attention des <strong>hommes ayant des relations sexuelles avec d\u2019autres hommes.<\/strong><br \/>\nD\u00e9pistage rapide, gratuit, anonyme du VIH et syphilis sur RDV.<\/p>\n<p>Rue des Grands Carmes, 20<br \/>\n1000 Bruxelles<br \/>\n02 736 28 61<\/p>\n<p><strong><a href=\"http:\/\/www.modusvivendi-be.org\/\" target=\"_blank\" rel=\"noopener\">Modus Vivendi<\/a><\/strong><br \/>\nPr\u00e9vention \u00e0 l\u2019attention des <strong>usagers de drogues.<\/strong><strong><br \/>\n<\/strong><\/p>\n<p>Rue Jourdan, 151<br \/>\n1060 Bruxelles<br \/>\n02\/644.22.00<\/p>\n<p><a href=\"http:\/\/espacep.be\/\" target=\"_blank\" rel=\"noopener\"><strong>Espace P<\/strong><\/a><br \/>\nPr\u00e9vention \u00e0 l\u2019attention des <strong>prostitu\u00e9s<\/strong> <strong>(hommes &amp; femmes), <\/strong><strong>des travailleurs du sexe et de leurs client.es.<\/strong><\/p>\n<p>L\u2019antenne bruxelloise est situ\u00e9e<br \/>\nRue des Plantes, 116<br \/>\n1030 Bruxelles<br \/>\n(\u00e0 200m de la gare de Bruxelles-Nord)<\/p>\n<ul>\n<li>Bruxelles : 02\/219.98.74<\/li>\n<li>Li\u00e8ge : 04\/221.05.09<\/li>\n<li>Charleroi : 071\/30.98.10<\/li>\n<li>Namur : 081\/77.68.21<\/li>\n<li>Mons : 065\/84.70.09<\/li>\n<li>Arlon : 0475\/66.27.74<\/li>\n<\/ul>\n","col_right":"<p><strong><a href=\"http:\/\/www.alias-bru.be\/\" target=\"_blank\" rel=\"noopener\">Alias<\/a><\/strong><br \/>\nProjet d\u2019accompagnement psycho-m\u00e9dico-social de qualit\u00e9 destin\u00e9 sp\u00e9cifiquement aux hommes prostitu\u00e9s \u00e0 Bruxelles. Et prioritairement ax\u00e9 sur la promotion de la sant\u00e9, en ce compris les aspects de pr\u00e9vention et de r\u00e9duction des risques, l\u2019acc\u00e8s aux soins de sant\u00e9 et aux droits sociaux pour le public.<\/p>\n<p>Rue du March\u00e9 au Charbon, 33<br \/>\n1000 Bruxelles<br \/>\n0484\/60.52.18<\/p>\n<p><strong><a href=\"https:\/\/www.o-yes.be\/\" target=\"_blank\" rel=\"noopener\">O\u2019yes<\/a><\/strong><br \/>\nPr\u00e9vention <strong>pour les jeunes par les jeunes.<\/strong><\/p>\n<p>Square de l\u2019aviation, 7A<br \/>\n1070 Anderlecht<br \/>\n02\/303.82.14<\/p>\n<p><strong><a href=\"http:\/\/www.ses-asbl.be\/\" target=\"_blank\" rel=\"noopener\">Service \u00e9ducation pour la sant\u00e9<\/a><\/strong><br \/>\nPr\u00e9vention \u00e0 l\u2019attention <strong>des d\u00e9tenu.es<\/strong><\/p>\n<p>Chauss\u00e9e de Waremme, 139<br \/>\n4500 Huy<br \/>\n085\/21.25.76<\/p>\n"},{"acf_fc_layout":"textfull","text":"<h2>Informations en n\u00e9erlandais<\/h2>\n<p><a href=\"https:\/\/www.sensoa.be\/\" target=\"_blank\" rel=\"noopener\"><strong>Sensoa<\/strong><\/a><br \/>\nPresident Building<br \/>\nF. Rooseveltplaats, 12 (vijfde verdieping)<br \/>\n2060 Antwerpen<br \/>\n(bus 7)<br \/>\n03\/238.68.68<\/p>\n","background_color":false},{"acf_fc_layout":"textfull","text":"<h2>Informations en langues \u00e9trang\u00e8res<\/h2>\n<p><strong><a href=\"http:\/\/www.zanzu.be\" target=\"_blank\" rel=\"noopener\">Zanzu (Sensoa)<\/a><br \/>\n<\/strong>Zanzu est le <strong>site internet multilingue d\u00e9velopp\u00e9 par Sensoa<\/strong>.<br \/>\nVous pouvez y trouver toutes les informations sur la sant\u00e9 sexuelle et le VIH-Sida et les IST.<br \/>\nDes informations sont disponibles en <strong>N\u00e9erlandais, Fran\u00e7ais, Anglais, Arabe, Russe, Roumain, Portugais, Espagnol, Polonais, Turc \u2026<\/strong><\/p>\n","background_color":false}]},"_links":{"self":[{"href":"https:\/\/preventionsida.org\/fr\/wp-json\/wp\/v2\/pages\/1052","targetHints":{"allow":["GET"]}}],"collection":[{"href":"https:\/\/preventionsida.org\/fr\/wp-json\/wp\/v2\/pages"}],"about":[{"href":"https:\/\/preventionsida.org\/fr\/wp-json\/wp\/v2\/types\/page"}],"author":[{"embeddable":true,"href":"https:\/\/preventionsida.org\/fr\/wp-json\/wp\/v2\/users\/1"}],"replies":[{"embeddable":true,"href":"https:\/\/preventionsida.org\/fr\/wp-json\/wp\/v2\/comments?post=1052"}],"version-history":[{"count":19,"href":"https:\/\/preventionsida.org\/fr\/wp-json\/wp\/v2\/pages\/1052\/revisions"}],"predecessor-version":[{"id":16273,"href":"https:\/\/preventionsida.org\/fr\/wp-json\/wp\/v2\/pages\/1052\/revisions\/16273"}],"up":[{"embeddable":true,"href":"https:\/\/preventionsida.org\/fr\/wp-json\/wp\/v2\/pages\/35"}],"wp:attachment":[{"href":"https:\/\/preventionsida.org\/fr\/wp-json\/wp\/v2\/media?parent=1052"}],"curies":[{"name":"wp","href":"https:\/\/api.w.org\/{rel}","templated":true}]}}