{"id":1047,"date":"2019-09-18T13:52:58","date_gmt":"2019-09-18T11:52:58","guid":{"rendered":"https:\/\/preventionsida.org\/?page_id=1047"},"modified":"2025-06-03T16:39:19","modified_gmt":"2025-06-03T14:39:19","slug":"se-soigner","status":"publish","type":"page","link":"https:\/\/preventionsida.org\/fr\/contacts-utiles\/se-soigner\/","title":{"rendered":"Se soigner"},"content":{"rendered":"","protected":false},"excerpt":{"rendered":"","protected":false},"author":1,"featured_media":0,"parent":35,"menu_order":0,"comment_status":"closed","ping_status":"closed","template":"","meta":{"_acf_changed":false,"footnotes":""},"class_list":["post-1047","page","type-page","status-publish","hentry"],"acf":{"sidebar":211,"contenu_flexible":[{"acf_fc_layout":"textfull","text":"<p>Centres de r\u00e9f\u00e9rence VIH et h\u00f4pitaux qui accueillent des personnes vivants avec le VIH.<\/p>\n","background_color":false},{"acf_fc_layout":"text2cols","background_color":false,"title":"Centres de r\u00e9f\u00e9rence VIH","col_left":"<p><a href=\"https:\/\/www.humani.be\/chu-charleroi-chimay\/nos-services-et-disciplines-medicales\/clinique-des-maladies-infectieuses\/centre-de-reference-vih\/\" target=\"_blank\" rel=\"noopener\"><strong>Centre de r\u00e9f\u00e9rence du CHU Charleroi<\/strong><\/a><br \/>\nChauss\u00e9e de Bruxelles, 140<br \/>\n6042 Lodelinsart<br \/>\n07-192.23.07<\/p>\n<p><a href=\"http:\/\/www.saintluc.be\/services\/medicaux\/vih\/index.php\" target=\"_blank\" rel=\"noopener\"><strong>Centre de r\u00e9f\u00e9rence de l\u2019UCL H\u00f4pital St-Luc<\/strong><\/a><br \/>\nAvenue Hippocrate, 10<br \/>\n1200 Bruxelles<br \/>\n02-764.21.56 ,02-764.21.98<\/p>\n<p><a href=\"https:\/\/www.stpierre-bru.be\/service\/maladies-infectieuses\/centre-mia\/\" target=\"_blank\" rel=\"noopener\"><strong>Centre de r\u00e9f\u00e9rence VIH de l&rsquo;ULB &#8211; CHU St-Pierre \u2013\u00a0 MIA<\/strong><\/a><br \/>\nCHU Saint-Pierre- Site Porte de Hal<br \/>\n322 rue Haute \u00e0 1000 Bruxelles<br \/>\nB\u00e2timent 900 (ancien Cetim)<br \/>\n02-535.31.77<\/p>\n<p><a href=\"http:\/\/www.chu.ulg.ac.be\/jcms\/c_11118\/centre-de-reference-sida\" target=\"_blank\" rel=\"noopener\"><strong>Centre de r\u00e9f\u00e9rence du CHU de Li\u00e8ge<\/strong><\/a><strong><br \/>\n<\/strong>Quai Godefroid Kurth, 45<br \/>\n4020 Li\u00e8ge (5\u00e8me \u00e9tage)<br \/>\n04-270.31. 90<\/p>\n<p><a href=\"https:\/\/www.erasme.ulb.ac.be\/fr\/services-de-soins\/services-multidisciplinaires\/centre-de-reference-sida\"><strong>Centre de r\u00e9f\u00e9rence de l\u2019H\u00f4pital Erasme<\/strong><\/a><strong><br \/>\n<\/strong>Route de Lennik, 808 (H\u00f4pital de jour : Route 920)<br \/>\n1070 Bruxelles<br \/>\n<b>Ligne directe : 02-555.74.84 <\/b>(pour traitement TPE, urgence IST et VIH, PrEP, d\u00e9pistage) uniquement du lundi au vendredi de 9h \u00e0 17h<\/p>\n<p><strong><a href=\"https:\/\/www.chuuclnamur.be\" target=\"_blank\" rel=\"noopener\">Centre de r\u00e9f\u00e9rence du CHU Dinant Godinne UCL Namur<\/a><br \/>\n<\/strong>Avenue Dr Gaston Th\u00e9rasse, 1<br \/>\n5530 Yvoir<br \/>\n081-42.20.81, 081-42.38.00<\/p>\n<p><strong><a href=\"https:\/\/www.uzbrussel.be\/fr\/web\/guest\/home\" target=\"_blank\" rel=\"noopener\">Centre de r\u00e9f\u00e9rence de l\u2019UZ VUB<\/a><br \/>\n<\/strong>UZ Brussel \u2013 Campus Jette<br \/>\nAvenue du Laerbeek, 101<br \/>\n1090 Jette<br \/>\n02-477.60.01<\/p>\n<p><strong><a href=\"https:\/\/www.uzgent.be\/uz-gent-denk-zorg\" target=\"_blank\" rel=\"noopener\">HIV Referentie centrum UZ Gent<\/a><br \/>\n<\/strong>Corneel Heymanslaan, 10<br \/>\n9000 Gent<br \/>\n09-332.21.11, 09-332.23.50<\/p>\n<p><a href=\"https:\/\/www.uzleuven.be\/fr\" target=\"_blank\" rel=\"noopener\"><strong>HIV Referentie centrum, Campus Gasthuisberg<\/strong><\/a><span class=\"Apple-converted-space\"><br \/>\n<\/span>Herestraat, 49<br \/>\n3000 Leuven<br \/>\n016-34.47.75,\u00a0016-33.22.11<\/p>\n","col_right":"<p><a href=\"https:\/\/www.itg.be\" target=\"_blank\" rel=\"noopener\"><strong>HIV Referentie centrum Instituut voor Tropische Geneeskunde<\/strong><\/a><br \/>\nKronenburgstraat, 43\/3<br \/>\n2000 Antwerpen<br \/>\n03-247.66.66<\/p>\n<p><strong>HIV Referentie centrum UZ Antwerpen (Edegem)<\/strong><br \/>\nWilrijkstraat, 10<br \/>\n2650 Edegem<br \/>\n03-821.30.00<br \/>\nNuit et weekend : 03-821.52.50<\/p>\n<p><strong><a href=\"https:\/\/www.zna.be\/fr\" target=\"_blank\" rel=\"noopener\">HIV Referentie centrum AZ ZNA Middelheim<\/a><\/strong><br \/>\nLindendreef, 1<br \/>\n2020 Antwerpen<br \/>\n03-280.31.11<\/p>\n<p><a href=\"https:\/\/www.zna.be\/nl\/zna-stuivenberg\" target=\"_blank\" rel=\"noopener\"><strong>HIV Referentie centrum AZ ZNA Stuivenberg<\/strong><\/a><br \/>\nLange Beeldekensstraat, 267<br \/>\n2060 Antwerpen<br \/>\n03-217.71.11<\/p>\n<p><a href=\"https:\/\/www.azsintjan.be\/hiv-referentiecentrum#:~:text=Het%20AZ%20Sint-Jan%20Brugge,psychische%2C%20sociale%20en%20emotionele%20ondersteuning\"><strong>HIV Referentie centrum AZ Sint-Jan &#8211; Brugge\u00a0<\/strong><\/a><br \/>\nRudderhove, 10<br \/>\n8000 Brugge<br \/>\n050-45.23.12<\/p>\n<p><a href=\"https:\/\/www.zol.be\/\" target=\"_blank\" rel=\"noopener\"><strong>Ziekenhuis Oost-Limburg<\/strong><\/a><strong> (Campus Andr\u00e9 Dumont)<\/strong><br \/>\nStalenstraat, 2<br \/>\n9600 Genk<br \/>\n08\/932.55.32<br \/>\nHIV-verpleegkundige : 050\/45.23.12<\/p>\n<p><strong><a href=\"https:\/\/www.jessazh.be\/index.php\" target=\"_blank\" rel=\"noopener\">HIV Referentie centrum Jessa Ziekenhuis Campus Virga<\/a><\/strong><br \/>\nStadsomvaart, 11<br \/>\n3500 Hasselt<br \/>\n011-33.55.11,\u00a0011-30.94.85<\/p>\n<p><a href=\"http:\/\/www.yperman.net\/algemeeninwendige\/index.php?&amp;lang=FR\" target=\"_blank\" rel=\"noopener\"><strong>Jan Yperman Ziekenhuis<\/strong><\/a><br \/>\nBriekestraat, 12<br \/>\n8900 Ieper<br \/>\n057-35.71.80<\/p>\n"},{"acf_fc_layout":"text2cols","background_color":false,"title":"H\u00f4pitaux","col_left":"<p><a href=\"http:\/\/www.his-izz.be\/fr\/hopitaux-iris-sud\/infos-pratiques-et-contact\/etterbeek-ixelles_3\" target=\"_blank\" rel=\"noopener\"><strong>H\u00f4pital d\u2019Etterbeek-Ixelles<\/strong><\/a><br \/>\nRue Jean Paquot, 63<br \/>\n1050 Bruxelles<br \/>\n02\/641.41.11<\/p>\n<p><a href=\"https:\/\/www.chrcitadelle.be\/Services\/Services-medicaux\/Infectiologie\/Accueil.aspx\" target=\"_blank\" rel=\"noopener\"><strong>CHR de la Citadelle de Li\u00e8ge\u00a0<\/strong><\/a><strong><br \/>\n<\/strong>Boulevard du 12<sup>\u00e8me<\/sup> de Ligne, 1<br \/>\n4000 Li\u00e8ge<strong><br \/>\n<\/strong>04\/225.62.44<\/p>\n<p><strong>Clinique CHC MontL\u00e9gia<\/strong><br \/>\nBoulevard Patience et Beaujonc, 2<br \/>\n04\/355.50.00<\/p>\n<p><a href=\"https:\/\/www.chrverviers.be\/index.php\" target=\"_blank\" rel=\"noopener\"><strong>Centre Hospitalier Peltzer \u2013 La Tourelle Verviers\u00a0<\/strong><\/a><br \/>\nRue du Parc, 29<br \/>\n4800 Verviers<br \/>\n087\/21.29.58<\/p>\n<p><a href=\"https:\/\/www.vivalia.be\/institution\/hopital-d-arlon\" target=\"_blank\" rel=\"noopener\"><strong>H\u00f4pital d&rsquo;Arlon<\/strong><\/a><br \/>\nRue des D\u00e9port\u00e9s, 137<br \/>\n6300 Arlon<br \/>\n063\/23.13.86<\/p>\n","col_right":"<p><a href=\"https:\/\/www.chrsm.be\/chr-sambre-meuse\" target=\"_blank\" rel=\"noopener\"><strong>CHR Sambre &amp; Meuse de Namur\u00a0<\/strong><\/a><br \/>\nAvenue Albert 1er, 185<br \/>\n5000 Namur<br \/>\n081\/72.61.11<\/p>\n<p>Rue Ch\u00e8re-Voie, 75<br \/>\n5060 Sambreville<br \/>\n071\/26.52.11<\/p>\n<p><a href=\"https:\/\/www.hap.be\/Public\/service.php?ID=926\" target=\"_blank\" rel=\"noopener\"><strong>CHU HELORA<\/strong><\/a><strong><br \/>\n<\/strong>Boulevard Pr\u00e9sident Kennedy, 2<br \/>\n7000 Mons<br \/>\n065\/41.41.41<br \/>\n065\/41.40.70<\/p>\n<p><strong>Centre Hospitalier EpiCURA (Site Hornu)<br \/>\n<\/strong>Route de Mons, 63<br \/>\n7301 Hornu<br \/>\n078\/15.01.70<\/p>\n<p><a href=\"http:\/\/www.epicura.be\/index.php\/site-d-ath\" target=\"_blank\" rel=\"noopener\"><strong>Centre Hospitalier EpiCURA (Site Ath)<\/strong><\/a><br \/>\nRue Maria Thom\u00e9e, 1<br \/>\n7800 Ath<br \/>\n078\/15.01.70<\/p>\n<p><strong><a href=\"https:\/\/www.vivalia.be\/institution\/hopital-de-libramont\" target=\"_blank\" rel=\"noopener\">H\u00f4pital de Libramont<\/a><\/strong><br \/>\nAvenue de Houffalize, 35<br \/>\n6800 Libramont-Chevigny<br \/>\n063\/23.81.11<\/p>\n"}]},"_links":{"self":[{"href":"https:\/\/preventionsida.org\/fr\/wp-json\/wp\/v2\/pages\/1047","targetHints":{"allow":["GET"]}}],"collection":[{"href":"https:\/\/preventionsida.org\/fr\/wp-json\/wp\/v2\/pages"}],"about":[{"href":"https:\/\/preventionsida.org\/fr\/wp-json\/wp\/v2\/types\/page"}],"author":[{"embeddable":true,"href":"https:\/\/preventionsida.org\/fr\/wp-json\/wp\/v2\/users\/1"}],"replies":[{"embeddable":true,"href":"https:\/\/preventionsida.org\/fr\/wp-json\/wp\/v2\/comments?post=1047"}],"version-history":[{"count":28,"href":"https:\/\/preventionsida.org\/fr\/wp-json\/wp\/v2\/pages\/1047\/revisions"}],"predecessor-version":[{"id":15663,"href":"https:\/\/preventionsida.org\/fr\/wp-json\/wp\/v2\/pages\/1047\/revisions\/15663"}],"up":[{"embeddable":true,"href":"https:\/\/preventionsida.org\/fr\/wp-json\/wp\/v2\/pages\/35"}],"wp:attachment":[{"href":"https:\/\/preventionsida.org\/fr\/wp-json\/wp\/v2\/media?parent=1047"}],"curies":[{"name":"wp","href":"https:\/\/api.w.org\/{rel}","templated":true}]}}