{"id":1019,"date":"2019-09-18T13:06:32","date_gmt":"2019-09-18T11:06:32","guid":{"rendered":"https:\/\/preventionsida.org\/?page_id=1019"},"modified":"2025-09-11T11:44:36","modified_gmt":"2025-09-11T09:44:36","slug":"depistage","status":"publish","type":"page","link":"https:\/\/preventionsida.org\/fr\/contacts-utiles\/depistage\/","title":{"rendered":"D\u00e9pistage"},"content":{"rendered":"","protected":false},"excerpt":{"rendered":"","protected":false},"author":1,"featured_media":0,"parent":35,"menu_order":0,"comment_status":"closed","ping_status":"closed","template":"","meta":{"_acf_changed":false,"footnotes":""},"class_list":["post-1019","page","type-page","status-publish","hentry"],"acf":{"sidebar":211,"contenu_flexible":[{"acf_fc_layout":"textfull","text":"<p>Vous pouvez utiliser notre <a href=\"https:\/\/preventionsida.org\/fr\/centres-de-depistage\/\"><strong>moteur de recherche<\/strong><\/a> pour trouver un lieu de d\u00e9pistage proche de chez vous.<\/p>\n<p>&nbsp;<\/p>\n<h2>Il est possible de se faire d\u00e9pister :<\/h2>\n<h3>&#8211; Chez son.sa m\u00e9decin g\u00e9n\u00e9raliste<\/h3>\n<h3>&#8211; Dans un centre de d\u00e9pistage anonyme et gratuit<\/h3>\n<p>Trois centres sont subventionn\u00e9s par l\u2019INAMI. Attention : l\u2019INAMI a modifi\u00e9 les conditions pour pouvoir b\u00e9n\u00e9ficier de la gratuit\u00e9 du test et de la consultation m\u00e9dicale. En fonction de votre profil de risque, le m\u00e9decin pourra \u00e9valuer si vous rentrez dans ces conditions. Si ce n\u2019est pas le cas, les consultations et les tests seront payants et rembours\u00e9s par la mutuelle selon les modalit\u00e9s habituelles. Anonyme ou pas, les r\u00e9sultats du test sont toujours confidentiel.<\/p>\n","background_color":false},{"acf_fc_layout":"multiplecol","multiple_title":"","cols":[{"col_image":false,"col_title":"Bruxelles","col_content":"<p><a href=\"https:\/\/www.stpierre-bru.be\/service\/maladies-infectieuses\/centre-mia\/\" target=\"_blank\" rel=\"noopener\"><strong>MIA<\/strong><\/a><br \/>\n<strong>CHU Saint-Pierre-Site Porte de Hal<\/strong><strong><br \/>\n<\/strong>Rue Haute, 290<br \/>\n1000 Bruxelles<br \/>\n02\/535.31.77<\/p>\n<p>D\u00e9pistage VIH\/IST avec ou sans rendez-vous pendant les permanences.<\/p>\n"},{"col_image":false,"col_title":"Li\u00e8ge","col_content":"<p><strong><a href=\"https:\/\/www.chuliege.be\/jcms\/c2_17353744\/fr\/centre-de-reference-sida\/les-tests-de-depistage?fbclid=IwAR03uEDnGR9tfZL754BaaInVcvREzvb4PbD2gtMOleOo4s6LbWyzUO9RvLw\" target=\"_blank\" rel=\"noopener\">Centre de R\u00e9f\u00e9rence du CHU de Li\u00e8ge<\/a><\/strong><br \/>\nQuai Godefroid Kurth, 45<br \/>\n4020 Li\u00e8ge<br \/>\n04\/287.67.00<\/p>\n<p>D\u00e9pistage VIH\/IST sur rendez-vous.<\/p>\n"},{"col_image":false,"col_title":"Anvers","col_content":"<p><a href=\"https:\/\/www.itg.be\/F\/helpcenter\"><strong>Help Center<\/strong><\/a><strong><br \/>\nSur le site de\u00a0l\u2019Institut de M\u00e9decine Tropicale<\/strong><br \/>\nKronenburgstraat, 43<br \/>\n2000 Anvers<br \/>\n02\/247.66.66<\/p>\n<p>D\u00e9pistage VIH\/IST sur rendez-vous.<\/p>\n"}],"nb_items":""},{"acf_fc_layout":"textfull","text":"<p>Les autres Centres de d\u00e9pistages n\u2019ont pas de subventions de l\u2019INAMI, mais ont parfois la <strong>possibilit\u00e9 d\u2019offrir l\u2019anonymat et la gratuit\u00e9. Renseignez-vous. Cette liste n\u2019est pas exhaustive. Vous pouvez demander un d\u00e9pistage des IST\/VIH dans n\u2019importe quel h\u00f4pital proche de chez vous.<\/strong><\/p>\n","background_color":false},{"acf_fc_layout":"tabs","exp_title":"","exp_items":[{"exp_item_title":"<p>Bruxelles<\/p>\n","exp_item_texte":"<p><a href=\"https:\/\/www.saintluc.be\/services\/medicaux\/vih\/index.php\"><strong>Cliniques Universitaires Saint-Luc de Bruxelles<\/strong><\/a><br \/>\nAvenue Hippocrate, 10<br \/>\n1200 Bruxelles<br \/>\nniveau -1 Route 361<br \/>\n02\/764.21.56 &#8211; 02\/764.21.98<\/p>\n<p>D\u00e9pistage sur rendez-vous.<\/p>\n<p><strong>H\u00f4pital Erasme<\/strong><br \/>\nRoute de Lennik, 501<br \/>\n1070 Anderlecht<br \/>\n02\/555 74 84<\/p>\n<p>D\u00e9pistage VIH\/IST sur rendez-vous<\/p>\n"},{"exp_item_title":"<p>Verviers \/ Li\u00e8ge<\/p>\n","exp_item_texte":"<p><a href=\"https:\/\/www.chrverviers.be\/services-cellule_sida__h_i_v__-4.html\"><strong>CHR Verviers, h\u00f4pital du jour<\/strong><\/a><br \/>\nRue du Parc, 29<br \/>\n4800 Verviers<br \/>\n087\/21.29.58<br \/>\nSans RDV, gratuit et anonyme du lundi au vendredi, de 10h -16h.<\/p>\n<p><strong><a href=\"http:\/\/www.chc.be\/Rechercher-au-CHC\/Rechercher-un-service.aspx?Name=Maladies+infectieuses+-+M%c3%a9decine+du+voyage+-+M%c3%a9decine+tropicale&amp;Service=M%c3%a9dical|Administratif|Unit%c3%a9%20de%20soins&amp;\">Clinique Saint Joseph<\/a><\/strong><br \/>\nRue de Hesbaye, 75<br \/>\n4000 Li\u00e8ge<br \/>\nSur RDV : 0800\/24.124<\/p>\n<p><strong><a href=\"http:\/\/www.sidasol.be\/depistage-sidai-s-t\/\">Centre S <\/a><br \/>\n<\/strong>Quai Godefroid Kurth, 45,<br \/>\n4020 Li\u00e8ge<br \/>\n04\/287.67.00<br \/>\nSur RDV : 042\/87.67.00 (entre 9h et 17h) ou <strong><a href=\"https:\/\/progenda.be\/calendars\/sida-sol-centre-de-depistage-ist-liege\/\">en ligne<\/a><\/strong><\/p>\n"},{"exp_item_title":"<p>Namur<\/p>\n","exp_item_texte":"<p><a href=\"http:\/\/pointsrelaissida.jimdo.com\/\"><strong>SASER<\/strong><\/a><br \/>\nRue Docteur Haibe, 4<br \/>\n5002 Saint Servais<br \/>\n081\/77.68.20<br \/>\nSur rendez-vous uniquement tous les mardis (16h-18h) et jeudis (17h-19h)<\/p>\n<p><strong>L\u2019autre Sens<\/strong><br \/>\nRue de Rochefort, 38 A<br \/>\n5570 Beauraing<br \/>\nLes 2<sup>eme <\/sup>et 3<sup>eme <\/sup>jeudi du mois de 16h \u00e0 18h.<\/p>\n<p><strong>MPME Couvin<\/strong><br \/>\nRuelle Cracsot, 12<br \/>\n5660 Couvin<br \/>\n081\/77.68.20<br \/>\nSur rendez-vous uniquement le 3 <sup>eme<\/sup> et 4 <sup>eme<\/sup> mardi du mois de 16h a 18h.<\/p>\n<p><strong>MPME Dinant<br \/>\n<\/strong>Rue Alex Daoust, 45<br \/>\n5500 Dinant<br \/>\n081\/77.68.20<br \/>\nSur rendez-vous uniquement les 1ers et 2\u00e8me mercredis du moi (16h-18h)<\/p>\n"},{"exp_item_title":"<p>Charleroi \/ Mons<\/p>\n","exp_item_texte":"<p><strong><span style=\"color: #66c6b7;\">Sida-IST Charleroi-Mons<\/span><\/strong><br \/>\nBoulevard Zo\u00e9 Drion, 1<br \/>\n6000 Charleroi<br \/>\n071\/92.54.10<br \/>\nD\u00e9pistage sur RDV<\/p>\n<p><span style=\"color: #66c6b7;\"><strong>Grand H\u00f4pital de Charleroi (Site Notre Dame)<\/strong><\/span><br \/>\nGrand rue, 3<br \/>\n6000 Charleroi<br \/>\n071\/10.38.00<br \/>\nD\u00e9pistage sur RDV<\/p>\n<p><span style=\"color: #66c6b7;\"><strong>CHUPMB \u2013 site Ambroise Par\u00e9<\/strong><\/span><br \/>\nBd Kennedy, 2<br \/>\n7000 Mons<br \/>\n065\/41.41.41<\/p>\n"}]},{"acf_fc_layout":"textfull","text":"<h3>&#8211; Dans un Centre de <a href=\"https:\/\/preventionsida.org\/fr\/centres-de-depistage\/\">r\u00e9f\u00e9rence VIH<\/a><\/h3>\n<h3>&#8211; Dans un centre de <a href=\"https:\/\/preventionsida.org\/fr\/contacts-utiles\/centre-de-planning-familial\/\">planning familial<\/a><\/h3>\n<p>Les centres sont ouverts \u00e0 toute question li\u00e9e \u00e0 la vie sexuelle et affective, et constituent des\u00a0lieux d\u2019accueil\u00a0chaleureux, o\u00f9 chacun peut trouver un\u00a0soutien, une aide\u00a0quel que soit son \u00e2ge.<\/p>\n<h3>&#8211; Dans une <a href=\"http:\/\/www.maisonmedicale.org\/-Trouver-une-maison-medicale-en-.html\" target=\"_blank\" rel=\"noopener\">maison m\u00e9dicale<\/a><\/h3>\n<p>Une maison m\u00e9dicale a une \u00e9quipe pluridisciplinaire dispensant des soins de premi\u00e8re ligne. Il faudra \u00e9ventuellement vous faire membre avant d\u2019acc\u00e9der aux services.<\/p>\n<p>&nbsp;<\/p>\n<h4>Plusieurs associations organisent des d\u00e9pistages rapides pour certains publics :<\/h4>\n","background_color":false},{"acf_fc_layout":"tabs","exp_title":"","exp_items":[{"exp_item_title":"<p>Bruxelles<\/p>\n","exp_item_texte":"<p><strong>Action Test<br \/>\n<\/strong>D\u00e9pistage rapide, gratuit et anonyme du VIH, de l&rsquo;h\u00e9patite B et C et de la syphilis aupr\u00e8s de la communaut\u00e9 afro-latino-carib\u00e9enne.<\/p>\n<p style=\"padding-left: 40px;\"><strong>\u00c0 Ixelles<br \/>\n<\/strong>Tous les 1<sup>ers<\/sup> et 3<sup>\u00e8mes<\/sup> mercredis du mois sur RDV \u00e0 la Free Clinic<br \/>\nChauss\u00e9e de Wavre 154A<br \/>\n1050 Ixelles<\/p>\n<p style=\"padding-left: 40px;\"><strong>\u00c0 Anderlecht<br \/>\n<\/strong>Tous les 1<sup>ers<\/sup> mardis de chaque mois sans RDV de 10h a 12h au CPF Midi<br \/>\nRue du Chimiste, 34<br \/>\n1070 Anderlecht<br \/>\nEt tous les autres mardis sur RDV de 10h \u00e0 12h<\/p>\n<p style=\"padding-left: 40px;\"><strong>\u00c0 Bruxelles<\/strong><br \/>\nPlace de la vielle halle aux bl\u00e9s, 28\/29<br \/>\n1000 Bruxelles<br \/>\nSur RDV : 02\/733.72.99<\/p>\n<p><a href=\"http:\/\/www.aideinfosida.be\/index2.php\" target=\"_blank\" rel=\"noopener\"><strong>Aide Info Sida<\/strong><\/a><br \/>\nRue Duquesnoy, 45<br \/>\n1000 Bruxelles<br \/>\n02\/514.29.65<br \/>\nPour tous publics, sans RDV<br \/>\nTous les 2<sup>\u00e8me<\/sup> et 4<sup>\u00e8me<\/sup> lundis de chaque mois de 18h \u00e0 21h<\/p>\n<p><a href=\"http:\/\/www.exaequo.be\/\" target=\"_blank\" rel=\"noopener\"><strong>Ex-aequo <\/strong><\/a><strong>Partenaire Sant\u00e9 des hommes ayant des rapports sexuels avec des hommes:<\/strong><\/p>\n<div>\n<p class=\"\">Rue des Grands Carmes, 20<br \/>\n1000 Bruxelles<br \/>\n02 736 28 61<br \/>\n<a class=\"defaultMailLink\" href=\"http:\/\/www.exaequo.be\/fr\/whatsapp\" target=\"_blank\" rel=\"noopener noreferrer\" data-ik=\"ik-secure\">www.exaequo.be\/fr\/whatsapp<\/a><br \/>\n<a class=\"defaultMailLink\" href=\"mailto:info@exaequo.be\">info@exaequo.be<\/a><\/p>\n<\/div>\n<p>D\u00e9pistage sur RDV<\/p>\n"},{"exp_item_title":"<p>Verviers<\/p>\n","exp_item_texte":"<p><a href=\"http:\/\/www.famille-heureuse-verviers.be\/\" target=\"_blank\" rel=\"noopener\"><strong>Centre de Planning Familial \u201cla Famille Heureuse\u201d<\/strong><\/a><br \/>\nRue des Raines, 111<br \/>\n4800 Verviers<br \/>\n087\/35.13.73<br \/>\nLe jeudi de 16h30 \u00e0 17h30 <strong>sans rendez-vous, gratuit et anonyme<\/strong><\/p>\n"}]}]},"_links":{"self":[{"href":"https:\/\/preventionsida.org\/fr\/wp-json\/wp\/v2\/pages\/1019","targetHints":{"allow":["GET"]}}],"collection":[{"href":"https:\/\/preventionsida.org\/fr\/wp-json\/wp\/v2\/pages"}],"about":[{"href":"https:\/\/preventionsida.org\/fr\/wp-json\/wp\/v2\/types\/page"}],"author":[{"embeddable":true,"href":"https:\/\/preventionsida.org\/fr\/wp-json\/wp\/v2\/users\/1"}],"replies":[{"embeddable":true,"href":"https:\/\/preventionsida.org\/fr\/wp-json\/wp\/v2\/comments?post=1019"}],"version-history":[{"count":55,"href":"https:\/\/preventionsida.org\/fr\/wp-json\/wp\/v2\/pages\/1019\/revisions"}],"predecessor-version":[{"id":15962,"href":"https:\/\/preventionsida.org\/fr\/wp-json\/wp\/v2\/pages\/1019\/revisions\/15962"}],"up":[{"embeddable":true,"href":"https:\/\/preventionsida.org\/fr\/wp-json\/wp\/v2\/pages\/35"}],"wp:attachment":[{"href":"https:\/\/preventionsida.org\/fr\/wp-json\/wp\/v2\/media?parent=1019"}],"curies":[{"name":"wp","href":"https:\/\/api.w.org\/{rel}","templated":true}]}}